{"id":101,"date":"2026-02-04T20:26:46","date_gmt":"2026-02-04T19:26:46","guid":{"rendered":"https:\/\/nowe-nieradki.pl\/?page_id=101"},"modified":"2026-02-04T20:30:59","modified_gmt":"2026-02-04T19:30:59","slug":"sniadanie-po-weselu","status":"publish","type":"page","link":"https:\/\/nowe-nieradki.pl\/?page_id=101","title":{"rendered":"\u015aniadanie po weselu"},"content":{"rendered":"\n<p style=\"font-size:1.1em\">Po nocy pe\u0142nej ta\u0144c\u00f3w i \u015bmiechu zapraszamy na wsp\u00f3lne \u015bniadanie go\u015bci nocuj\u0105cych w dniu 13.09.26r. w godzinach 9.00-11.00 \u2615\ud83e\udd50<\/p>\n\n\n\n\n\n<p><\/p>\n\n\n\n<p><\/p>\n","protected":false},"excerpt":{"rendered":"<p>Po nocy pe\u0142nej ta\u0144c\u00f3w i \u015bmiechu zapraszamy na wsp\u00f3lne \u015bniadanie go\u015bci nocuj\u0105cych w dniu 13.09.26r. w godzinach 9.00-11.00 \u2615\ud83e\udd50<\/p>\n","protected":false},"author":1,"featured_media":0,"parent":0,"menu_order":0,"comment_status":"closed","ping_status":"closed","template":"","meta":{"saved_in_kubio":true,"footnotes":""},"class_list":["post-101","page","type-page","status-publish","hentry"],"kubio_ai_page_context":{"short_desc":"","purpose":"general"},"_links":{"self":[{"href":"https:\/\/nowe-nieradki.pl\/index.php?rest_route=\/wp\/v2\/pages\/101","targetHints":{"allow":["GET"]}}],"collection":[{"href":"https:\/\/nowe-nieradki.pl\/index.php?rest_route=\/wp\/v2\/pages"}],"about":[{"href":"https:\/\/nowe-nieradki.pl\/index.php?rest_route=\/wp\/v2\/types\/page"}],"author":[{"embeddable":true,"href":"https:\/\/nowe-nieradki.pl\/index.php?rest_route=\/wp\/v2\/users\/1"}],"replies":[{"embeddable":true,"href":"https:\/\/nowe-nieradki.pl\/index.php?rest_route=%2Fwp%2Fv2%2Fcomments&post=101"}],"version-history":[{"count":3,"href":"https:\/\/nowe-nieradki.pl\/index.php?rest_route=\/wp\/v2\/pages\/101\/revisions"}],"predecessor-version":[{"id":106,"href":"https:\/\/nowe-nieradki.pl\/index.php?rest_route=\/wp\/v2\/pages\/101\/revisions\/106"}],"wp:attachment":[{"href":"https:\/\/nowe-nieradki.pl\/index.php?rest_route=%2Fwp%2Fv2%2Fmedia&parent=101"}],"curies":[{"name":"wp","href":"https:\/\/api.w.org\/{rel}","templated":true}]}}