{"id":107,"date":"2026-02-04T20:39:53","date_gmt":"2026-02-04T19:39:53","guid":{"rendered":"https:\/\/nowe-nieradki.pl\/?page_id=107"},"modified":"2026-02-04T20:42:34","modified_gmt":"2026-02-04T19:42:34","slug":"poprawiny","status":"publish","type":"page","link":"https:\/\/nowe-nieradki.pl\/?page_id=107","title":{"rendered":"Poprawiny"},"content":{"rendered":"\n<p style=\"font-size:21px\">\u015awi\u0119towanie b\u0119dziemy kontynuowa\u0107 na poprawinach!<br>Startujemy o godzinie x na<\/p>\n\n\n\n\n\n<p style=\"font-size:1.2em\"><strong>Do zobaczenia, niech \u015bwi\u0119towanie trwa\u2661<\/strong><\/p>\n\n\n\n<p><\/p>\n\n\n\n<p><\/p>\n\n\n","protected":false},"excerpt":{"rendered":"<p>\u015awi\u0119towanie b\u0119dziemy kontynuowa\u0107 na poprawinach!Startujemy o godzinie x na Do zobaczenia, niech \u015bwi\u0119towanie trwa\u2661<\/p>\n","protected":false},"author":1,"featured_media":0,"parent":0,"menu_order":0,"comment_status":"closed","ping_status":"closed","template":"","meta":{"saved_in_kubio":true,"footnotes":""},"class_list":["post-107","page","type-page","status-publish","hentry"],"kubio_ai_page_context":{"short_desc":"","purpose":"general"},"_links":{"self":[{"href":"https:\/\/nowe-nieradki.pl\/index.php?rest_route=\/wp\/v2\/pages\/107","targetHints":{"allow":["GET"]}}],"collection":[{"href":"https:\/\/nowe-nieradki.pl\/index.php?rest_route=\/wp\/v2\/pages"}],"about":[{"href":"https:\/\/nowe-nieradki.pl\/index.php?rest_route=\/wp\/v2\/types\/page"}],"author":[{"embeddable":true,"href":"https:\/\/nowe-nieradki.pl\/index.php?rest_route=\/wp\/v2\/users\/1"}],"replies":[{"embeddable":true,"href":"https:\/\/nowe-nieradki.pl\/index.php?rest_route=%2Fwp%2Fv2%2Fcomments&post=107"}],"version-history":[{"count":2,"href":"https:\/\/nowe-nieradki.pl\/index.php?rest_route=\/wp\/v2\/pages\/107\/revisions"}],"predecessor-version":[{"id":110,"href":"https:\/\/nowe-nieradki.pl\/index.php?rest_route=\/wp\/v2\/pages\/107\/revisions\/110"}],"wp:attachment":[{"href":"https:\/\/nowe-nieradki.pl\/index.php?rest_route=%2Fwp%2Fv2%2Fmedia&parent=107"}],"curies":[{"name":"wp","href":"https:\/\/api.w.org\/{rel}","templated":true}]}}