{"id":89,"date":"2026-02-04T19:24:00","date_gmt":"2026-02-04T18:24:00","guid":{"rendered":"https:\/\/nowe-nieradki.pl\/?page_id=89"},"modified":"2026-02-04T19:30:42","modified_gmt":"2026-02-04T18:30:42","slug":"nocleg","status":"publish","type":"page","link":"https:\/\/nowe-nieradki.pl\/?page_id=89","title":{"rendered":"Nocleg"},"content":{"rendered":"\n\n\n<p>Dla Go\u015bci, kt\u00f3rzy planuj\u0105 nocleg, przygotowali\u015bmy kilka wa\u017cnych informacji organizacyjnych. Doba hotelowa rozpoczyna si\u0119 o [godzina] w dniu 12.09.26r., a ko\u0144czy o [godzina] w dniu 13.09.2026r.<\/p>\n\n\n\n<p>Prosimy pami\u0119ta\u0107, \u017ce nocleg ma charakter agroturystyczny , dlatego nale\u017cy zabra\u0107 ze sob\u0105 niezb\u0119dne rzeczy osobiste, w tym <strong>r\u0119cznik, kosmetyki<\/strong> oraz wszystko to, co sprawi, \u017ce poczujecie si\u0119 komfortowo po d\u0142ugiej nocy \u015bwi\u0119towania\ud83d\udc83\ud83d\udecc<\/p>\n\n\n","protected":false},"excerpt":{"rendered":"<p>Dla Go\u015bci, kt\u00f3rzy planuj\u0105 nocleg, przygotowali\u015bmy kilka wa\u017cnych informacji organizacyjnych. Doba hotelowa rozpoczyna si\u0119 o [godzina] w dniu 12.09.26r., a ko\u0144czy o [godzina] w dniu 13.09.2026r. Prosimy pami\u0119ta\u0107, \u017ce nocleg ma charakter agroturystyczny , dlatego nale\u017cy zabra\u0107 ze sob\u0105 niezb\u0119dne rzeczy osobiste, w tym r\u0119cznik, kosmetyki oraz wszystko to, co sprawi, \u017ce poczujecie si\u0119 komfortowo [&hellip;]<\/p>\n","protected":false},"author":1,"featured_media":0,"parent":0,"menu_order":0,"comment_status":"closed","ping_status":"closed","template":"","meta":{"saved_in_kubio":true,"footnotes":""},"class_list":["post-89","page","type-page","status-publish","hentry"],"kubio_ai_page_context":{"short_desc":"","purpose":"general"},"_links":{"self":[{"href":"https:\/\/nowe-nieradki.pl\/index.php?rest_route=\/wp\/v2\/pages\/89","targetHints":{"allow":["GET"]}}],"collection":[{"href":"https:\/\/nowe-nieradki.pl\/index.php?rest_route=\/wp\/v2\/pages"}],"about":[{"href":"https:\/\/nowe-nieradki.pl\/index.php?rest_route=\/wp\/v2\/types\/page"}],"author":[{"embeddable":true,"href":"https:\/\/nowe-nieradki.pl\/index.php?rest_route=\/wp\/v2\/users\/1"}],"replies":[{"embeddable":true,"href":"https:\/\/nowe-nieradki.pl\/index.php?rest_route=%2Fwp%2Fv2%2Fcomments&post=89"}],"version-history":[{"count":3,"href":"https:\/\/nowe-nieradki.pl\/index.php?rest_route=\/wp\/v2\/pages\/89\/revisions"}],"predecessor-version":[{"id":96,"href":"https:\/\/nowe-nieradki.pl\/index.php?rest_route=\/wp\/v2\/pages\/89\/revisions\/96"}],"wp:attachment":[{"href":"https:\/\/nowe-nieradki.pl\/index.php?rest_route=%2Fwp%2Fv2%2Fmedia&parent=89"}],"curies":[{"name":"wp","href":"https:\/\/api.w.org\/{rel}","templated":true}]}}